{"id":497,"date":"2018-11-22T07:03:08","date_gmt":"2018-11-22T07:03:08","guid":{"rendered":"http:\/\/psc-psoe.es\/?page_id=497"},"modified":"2024-12-11T12:29:42","modified_gmt":"2024-12-11T11:29:42","slug":"agrupaciones-costa-occidental","status":"publish","type":"page","link":"https:\/\/www.psc-psoe.es\/index.php\/agrupaciones-costa-occidental\/","title":{"rendered":"Agrupaciones Costa Occidental &#8211; Saja"},"content":{"rendered":"<div id=\"tdi_1\" class=\"tdc-zone\"><div class=\"tdc_zone tdi_2  wpb_row td-pb-row\"  >\n<style scoped>\n\/* custom css - generated by TagDiv Composer *\/\n\n\/* custom css - generated by TagDiv Composer *\/\n\/* custom css - generated by TagDiv Composer *\/\n.tdi_2{\r\n                    min-height: 0;\r\n                }\n<\/style><div id=\"tdi_3\" class=\"tdc-row\"><div class=\"vc_row tdi_4  wpb_row td-pb-row\" >\n<style scoped>\n\/* custom css - generated by TagDiv Composer *\/\n\n\/* custom css - generated by TagDiv Composer *\/\n\/* custom css - generated by TagDiv Composer *\/\n.tdi_4,\r\n                .tdi_4 .tdc-columns{\r\n                    min-height: 0;\r\n                }.tdi_4,\r\n\t\t\t\t.tdi_4 .tdc-columns{\r\n\t\t\t\t    display: block;\r\n\t\t\t\t}.tdi_4 .tdc-columns{\r\n\t\t\t\t    width: 100%;\r\n\t\t\t\t}\n<\/style><div class=\"vc_column tdi_6  wpb_column vc_column_container tdc-column td-pb-span12\">\n<style scoped>\n\/* custom css - generated by TagDiv Composer *\/\n\n\/* custom css - generated by TagDiv Composer *\/\n\/* custom css - generated by TagDiv Composer *\/\n.tdi_6{\r\n                    vertical-align: baseline;\r\n                }.tdi_6 > .wpb_wrapper,\r\n\t\t\t\t.tdi_6 > .wpb_wrapper > .tdc-elements{\r\n\t\t\t\t    display: block;\r\n\t\t\t\t}.tdi_6 > .wpb_wrapper > .tdc-elements{\r\n\t\t\t\t    width: 100%;\r\n\t\t\t\t}.tdi_6 > .wpb_wrapper > .vc_row_inner{\r\n\t\t\t\t    width: auto;\r\n\t\t\t\t}.tdi_6 > .wpb_wrapper{\r\n\t\t\t\t    width: auto;\r\n\t\t\t\t    height: auto;\r\n\t\t\t\t}\n<\/style><div class=\"wpb_wrapper\" ><div class=\"td_block_wrap td_block_title tdi_7 td-pb-border-top td_block_template_14 td-fix-index\"  data-td-block-uid=\"tdi_7\" >\n<style>\n\/* custom css - generated by TagDiv Composer *\/\n.td_block_template_14.widget > ul > li {\r\n                margin-left: 0 !important;\r\n            }\r\n            .td_block_template_14 .td-related-title a {\r\n                margin: 0 12px !important;\r\n                font-size: 14px;\r\n            }\r\n            @media (max-width: 767px) {\r\n                .td_block_template_14 .td-related-title a {\r\n                    margin: 0 8px !important;\r\n                }\r\n            }\r\n            .td_block_template_14 .td-related-title .td-cur-simple-item {\r\n                color: var(--td_theme_color, #4db2ec);\r\n            }\r\n            .td_block_template_14 .td-block-title {\r\n                font-size: 13px;\r\n                font-weight: 400;\r\n                margin-top: 0;\r\n                margin-bottom: 26px;\r\n                padding: 11px 0;\r\n                line-height: 1;\r\n                position: relative;\r\n                overflow: hidden;\r\n                text-align: center;\r\n                background-color: var(--td_header_color, #111);\r\n                border: 1px solid transparent;\r\n            }\r\n            .td_block_template_14 .td-block-title > * {\r\n                color: var(--td_text_header_color, #fff);\r\n                margin: 0 12px;\r\n            }\r\n            .td_block_template_14 .td-block-title-wrap .td-wrapper-pulldown-filter {\r\n                background-color: transparent !important;\r\n                display: inline-block;\r\n                color: #fff;\r\n            }\r\n            .td_block_template_14 .td-block-title-wrap .td-wrapper-pulldown-filter .td-pulldown-filter-display-option,\r\n            .td_block_template_14 .td-block-title-wrap .td-wrapper-pulldown-filter .td-pulldown-filter-display-option i {\r\n                height: 100%;\r\n                display: table;\r\n            }\r\n            .td_block_template_14 .td-block-title-wrap .td-wrapper-pulldown-filter .td-pulldown-filter-display-option,\r\n            .td_block_template_14 .td-block-title-wrap .td-wrapper-pulldown-filter .td-pulldown-filter-display-option i,\r\n            .td_block_template_14 .td-block-title-wrap .td-wrapper-pulldown-filter .td-pulldown-filter-display-option:hover,\r\n            .td_block_template_14 .td-block-title-wrap .td-wrapper-pulldown-filter .td-pulldown-filter-display-option:hover i {\r\n                color: var(--td_text_header_color, #fff);\r\n            }\r\n            .td_block_template_14 .td-block-title-wrap .td-wrapper-pulldown-filter i {\r\n                margin-right: 16px;\r\n                color: #fff;\r\n            }\r\n            .td_block_template_14 .td-block-title-wrap .td-wrapper-pulldown-filter .td-pulldown-filter-list {\r\n                border-width: 0 1px 1px;\r\n            }\r\n            .td_block_template_14 .td-block-title-wrap .td-wrapper-pulldown-filter .td-pulldown-filter-link {\r\n                padding-right: 32px;\r\n            }\r\n            .td_block_template_14 .td-block-title-wrap .td-wrapper-pulldown-filter .td-pulldown-more {\r\n                vertical-align: middle;\r\n                display: table-cell;\r\n                padding: 0;\r\n                opacity: 0.8;\r\n            }\r\n            @media (max-width: 767px) {\r\n                .td_block_template_14 .td-block-title-wrap .td-wrapper-pulldown-filter .td-pulldown-more span {\r\n                    display: none;\r\n                }\r\n            }\r\n            \r\n            \r\n\r\n            \r\n            .tdi_7 .td-block-title {\r\n                background-color: #e5001d !important;\r\n            }\n\/* inline tdc_css att - generated by TagDiv Composer *\/\n\n.tdi_7{\nborder-color:#e5001d !important;\nborder-style:solid !important;\nborder-width:0 !important;\nposition:relative;\n}\n\n<\/style>\n<style>\n\/* custom css - generated by TagDiv Composer *\/\n\/* custom css - generated by TagDiv Composer *\/\nbody .tdi_7 .td-block-title a,\r\n\t\t\t\tbody .tdi_7 .td-block-title span{\r\n\t\t\t\t\tfont-weight:700 !important;\r\n\t\t\t\t}\n<\/style>\n<div class=\"tdi_7_rand_style td-element-style\"><style>\n.tdi_7_rand_style{\nbackground-color:rgba(229,0,29,0) !important;\n}\n <\/style><\/div><div class=\"td-block-title-wrap\"><h4 class=\"td-block-title\"><span>Agrupaciones PSOE Cantabria Costa Occidental - Saja <\/span><\/h4><\/div><\/div><\/div><\/div><\/div><\/div><div id=\"tdi_8\" class=\"tdc-row\"><div class=\"vc_row tdi_9  wpb_row td-pb-row\" >\n<style scoped>\n\/* custom css - generated by TagDiv Composer *\/\n\n\/* custom css - generated by TagDiv Composer *\/\n\/* custom css - generated by TagDiv Composer *\/\n.tdi_9,\r\n                .tdi_9 .tdc-columns{\r\n                    min-height: 0;\r\n                }.tdi_9,\r\n\t\t\t\t.tdi_9 .tdc-columns{\r\n\t\t\t\t    display: block;\r\n\t\t\t\t}.tdi_9 .tdc-columns{\r\n\t\t\t\t    width: 100%;\r\n\t\t\t\t}\n<\/style><div class=\"vc_column tdi_11  wpb_column vc_column_container tdc-column td-pb-span4\">\n<style scoped>\n\/* custom css - generated by TagDiv Composer *\/\n\n\/* custom css - generated by TagDiv Composer *\/\n\/* custom css - generated by TagDiv Composer *\/\n.tdi_11{\r\n                    vertical-align: baseline;\r\n                }.tdi_11 > .wpb_wrapper,\r\n\t\t\t\t.tdi_11 > .wpb_wrapper > .tdc-elements{\r\n\t\t\t\t    display: block;\r\n\t\t\t\t}.tdi_11 > .wpb_wrapper > .tdc-elements{\r\n\t\t\t\t    width: 100%;\r\n\t\t\t\t}.tdi_11 > .wpb_wrapper > .vc_row_inner{\r\n\t\t\t\t    width: auto;\r\n\t\t\t\t}.tdi_11 > .wpb_wrapper{\r\n\t\t\t\t    width: auto;\r\n\t\t\t\t    height: auto;\r\n\t\t\t\t}\n<\/style><div class=\"wpb_wrapper\" ><div class=\"td_block_wrap td_block_text_with_title tdi_12 tagdiv-type td-pb-border-top td_block_template_8\"  data-td-block-uid=\"tdi_12\" >\n<style>\n\/* custom css - generated by TagDiv Composer *\/\n.td_block_template_8.widget > ul > li {\r\n                margin-left: 0 !important;\r\n            }\r\n            .td_block_template_8 .td-block-title {\r\n                font-size: 20px;\r\n                font-weight: 800;\r\n                margin-top: 0;\r\n                margin-bottom: 18px;\r\n                line-height: 29px;\r\n                position: relative;\r\n                overflow: hidden;\r\n                text-align: left;\r\n            }\r\n            .td_block_template_8 .td-block-title > * {\r\n                position: relative;\r\n                padding-right: 20px;\r\n                color: var(--td_text_header_color, #000);\r\n            }\r\n            .td_block_template_8 .td-block-title > *:before,\r\n            .td_block_template_8 .td-block-title > *:after {\r\n                content: '';\r\n                display: block;\r\n                height: 4px;\r\n                position: absolute;\r\n                top: 50%;\r\n                margin-top: -2px;\r\n                width: 2000px;\r\n                background-color: #f5f5f5;\r\n            }\r\n            .td_block_template_8 .td-block-title > *:before {\r\n                left: 100%;\r\n            }\r\n            .td_block_template_8 .td-block-title > *:after {\r\n                right: 100%;\r\n            }\r\n            @media (max-width: 767px) {\r\n                .td_block_template_8 .td-related-title a {\r\n                    font-size: 15px;\r\n                }\r\n            }\r\n            .td_block_template_8 .td-related-title a:before {\r\n                display: none;\r\n            }\r\n            .td_block_template_8 .td-related-title a:first-child:after {\r\n                display: none;\r\n            }\r\n            .td_block_template_8 .td-related-title a:last-child:after {\r\n                left: 100%;\r\n                right: auto;\r\n            }\r\n            .td_block_template_8 .td-related-title .td-cur-simple-item {\r\n                color: var(--td_theme_color, #4db2ec);\r\n            }\n<\/style>\n<style>\n\/* custom css - generated by TagDiv Composer *\/\n\/* custom css - generated by TagDiv Composer *\/\n.td_block_text_with_title{\r\n                  margin-bottom: 44px;\r\n                  -webkit-transform: translateZ(0);\r\n                  transform: translateZ(0);\r\n                }.td_block_text_with_title p:last-child{\r\n                  margin-bottom: 0;\r\n                }\n<\/style><div class=\"td-block-title-wrap\"><h4 class=\"td-block-title\"><span>Alfoz de Lloredo<\/span><\/h4><\/div><div class=\"td_mod_wrap td-fix-index\"><p class=\"color_27\"><span class=\"h2_a color_46\">SECRETARIO GENERAL<\/span><\/p>\n<p>Fernando Rodr\u00edguez Garc\u00eda<\/p>\n<hr \/>\n<p class=\"color_27\"><span class=\"h2_a color_46\">E-MAIL<\/span><\/p>\n<hr \/>\n<p><span class=\"h2_a color_46\">DIRECCI\u00d3N<\/span><\/p>\n<hr \/>\n<p><span class=\"h2_a color_46\">TEL\u00c9FONO<\/span><\/p>\n<\/div><\/div><\/div><\/div><div class=\"vc_column tdi_14  wpb_column vc_column_container tdc-column td-pb-span4\">\n<style scoped>\n\/* custom css - generated by TagDiv Composer *\/\n\n\/* custom css - generated by TagDiv Composer *\/\n\/* custom css - generated by TagDiv Composer *\/\n.tdi_14{\r\n                    vertical-align: baseline;\r\n                }.tdi_14 > .wpb_wrapper,\r\n\t\t\t\t.tdi_14 > .wpb_wrapper > .tdc-elements{\r\n\t\t\t\t    display: block;\r\n\t\t\t\t}.tdi_14 > .wpb_wrapper > .tdc-elements{\r\n\t\t\t\t    width: 100%;\r\n\t\t\t\t}.tdi_14 > .wpb_wrapper > .vc_row_inner{\r\n\t\t\t\t    width: auto;\r\n\t\t\t\t}.tdi_14 > .wpb_wrapper{\r\n\t\t\t\t    width: auto;\r\n\t\t\t\t    height: auto;\r\n\t\t\t\t}\n<\/style><div class=\"wpb_wrapper\" ><div class=\"td_block_wrap td_block_text_with_title tdi_15 tagdiv-type td-pb-border-top td_block_template_8\"  data-td-block-uid=\"tdi_15\" >\n<style>\n\/* custom css - generated by TagDiv Composer *\/\n\n<\/style>\n<style>\n\/* custom css - generated by TagDiv Composer *\/\n\/* custom css - generated by TagDiv Composer *\/\n\n<\/style><div class=\"td-block-title-wrap\"><h4 class=\"td-block-title\"><span>Comillas<\/span><\/h4><\/div><div class=\"td_mod_wrap td-fix-index\"><p class=\"color_27\"><span class=\"h2_a color_46\">SECRETARIO GENERAL<\/span><br \/>\nJulian Rozas Ortiz<\/p>\n<hr \/>\n<p class=\"color_27\"><span class=\"h2_a color_46\">E-MAIL<\/span><br \/>\ncomillas@psc-psoe.org<\/p>\n<hr \/>\n<p><span class=\"h2_a color_46\">DIRECCI\u00d3N<br \/>\n<\/span><\/p>\n<hr \/>\n<p><span class=\"h2_a color_46\">TEL\u00c9FONO<\/span><\/p>\n<p>&nbsp;<\/p>\n<\/div><\/div><\/div><\/div><div class=\"vc_column tdi_17  wpb_column vc_column_container tdc-column td-pb-span4\">\n<style scoped>\n\/* custom css - generated by TagDiv Composer *\/\n\n\/* custom css - generated by TagDiv Composer *\/\n\/* custom css - generated by TagDiv Composer *\/\n.tdi_17{\r\n                    vertical-align: baseline;\r\n                }.tdi_17 > .wpb_wrapper,\r\n\t\t\t\t.tdi_17 > .wpb_wrapper > .tdc-elements{\r\n\t\t\t\t    display: block;\r\n\t\t\t\t}.tdi_17 > .wpb_wrapper > .tdc-elements{\r\n\t\t\t\t    width: 100%;\r\n\t\t\t\t}.tdi_17 > .wpb_wrapper > .vc_row_inner{\r\n\t\t\t\t    width: auto;\r\n\t\t\t\t}.tdi_17 > .wpb_wrapper{\r\n\t\t\t\t    width: auto;\r\n\t\t\t\t    height: auto;\r\n\t\t\t\t}\n<\/style><div class=\"wpb_wrapper\" ><div class=\"td_block_wrap td_block_text_with_title tdi_18 tagdiv-type td-pb-border-top td_block_template_8\"  data-td-block-uid=\"tdi_18\" >\n<style>\n\/* custom css - generated by TagDiv Composer *\/\n\n<\/style>\n<style>\n\/* custom css - generated by TagDiv Composer *\/\n\/* custom css - generated by TagDiv Composer *\/\n\n<\/style><div class=\"td-block-title-wrap\"><h4 class=\"td-block-title\"><span>Ruiloba<\/span><\/h4><\/div><div class=\"td_mod_wrap td-fix-index\"><p class=\"color_27\"><span class=\"h2_a color_46\">SECRETARIO GENERAL<\/span><\/p>\n<p>Benito Julio Pinna Gonz\u00e1lez<\/p>\n<hr \/>\n<p class=\"color_27\"><span class=\"h2_a color_46\">E-MAIL<\/span><\/p>\n<hr \/>\n<p><span class=\"h2_a color_46\">DIRECCI\u00d3N<\/span><\/p>\n<hr \/>\n<p><span class=\"h2_a color_46\">TEL\u00c9FONO <\/span><\/p>\n<\/div><\/div><\/div><\/div><\/div><\/div><div id=\"tdi_19\" class=\"tdc-row\"><div class=\"vc_row tdi_20  wpb_row td-pb-row\" >\n<style scoped>\n\/* custom css - generated by TagDiv Composer *\/\n\n\/* custom css - generated by TagDiv Composer *\/\n\/* custom css - generated by TagDiv Composer *\/\n.tdi_20,\r\n                .tdi_20 .tdc-columns{\r\n                    min-height: 0;\r\n                }.tdi_20,\r\n\t\t\t\t.tdi_20 .tdc-columns{\r\n\t\t\t\t    display: block;\r\n\t\t\t\t}.tdi_20 .tdc-columns{\r\n\t\t\t\t    width: 100%;\r\n\t\t\t\t}\n<\/style><div class=\"vc_column tdi_22  wpb_column vc_column_container tdc-column td-pb-span4\">\n<style scoped>\n\/* custom css - generated by TagDiv Composer *\/\n\n\/* custom css - generated by TagDiv Composer *\/\n\/* custom css - generated by TagDiv Composer *\/\n.tdi_22{\r\n                    vertical-align: baseline;\r\n                }.tdi_22 > .wpb_wrapper,\r\n\t\t\t\t.tdi_22 > .wpb_wrapper > .tdc-elements{\r\n\t\t\t\t    display: block;\r\n\t\t\t\t}.tdi_22 > .wpb_wrapper > .tdc-elements{\r\n\t\t\t\t    width: 100%;\r\n\t\t\t\t}.tdi_22 > .wpb_wrapper > .vc_row_inner{\r\n\t\t\t\t    width: auto;\r\n\t\t\t\t}.tdi_22 > .wpb_wrapper{\r\n\t\t\t\t    width: auto;\r\n\t\t\t\t    height: auto;\r\n\t\t\t\t}\n<\/style><div class=\"wpb_wrapper\" ><div class=\"td_block_wrap td_block_text_with_title tdi_23 tagdiv-type td-pb-border-top td_block_template_8\"  data-td-block-uid=\"tdi_23\" >\n<style>\n\/* custom css - generated by TagDiv Composer *\/\n\n<\/style>\n<style>\n\/* custom css - generated by TagDiv Composer *\/\n\/* custom css - generated by TagDiv Composer *\/\n\n<\/style><div class=\"td-block-title-wrap\"><h4 class=\"td-block-title\"><span>San Vicente de la Barquera<\/span><\/h4><\/div><div class=\"td_mod_wrap td-fix-index\"><p class=\"color_27\"><span class=\"h2_a color_46\">SECRETARIA GENERAL<\/span><\/p>\n<p>Charo Urquiza<\/p>\n<hr \/>\n<p class=\"color_27\"><span class=\"h2_a color_46\">E-MAIL<\/span><\/p>\n<hr \/>\n<p><span class=\"h2_a color_46\">DIRECCI\u00d3N<br \/>\n<\/span>Calle Mata Linares, 19<br \/>\n39540 San Vicente de la Barquera<\/p>\n<hr \/>\n<p><span class=\"h2_a color_46\">TEL\u00c9FONO<\/span><\/p>\n<p>&nbsp;<\/p>\n<\/div><\/div><\/div><\/div><div class=\"vc_column tdi_25  wpb_column vc_column_container tdc-column td-pb-span4\">\n<style scoped>\n\/* custom css - generated by TagDiv Composer *\/\n\n\/* custom css - generated by TagDiv Composer *\/\n\/* custom css - generated by TagDiv Composer *\/\n.tdi_25{\r\n                    vertical-align: baseline;\r\n                }.tdi_25 > .wpb_wrapper,\r\n\t\t\t\t.tdi_25 > .wpb_wrapper > .tdc-elements{\r\n\t\t\t\t    display: block;\r\n\t\t\t\t}.tdi_25 > .wpb_wrapper > .tdc-elements{\r\n\t\t\t\t    width: 100%;\r\n\t\t\t\t}.tdi_25 > .wpb_wrapper > .vc_row_inner{\r\n\t\t\t\t    width: auto;\r\n\t\t\t\t}.tdi_25 > .wpb_wrapper{\r\n\t\t\t\t    width: auto;\r\n\t\t\t\t    height: auto;\r\n\t\t\t\t}\n<\/style><div class=\"wpb_wrapper\" ><div class=\"td_block_wrap td_block_text_with_title tdi_26 tagdiv-type td-pb-border-top td_block_template_8\"  data-td-block-uid=\"tdi_26\" >\n<style>\n\/* custom css - generated by TagDiv Composer *\/\n\n<\/style>\n<style>\n\/* custom css - generated by TagDiv Composer *\/\n\/* custom css - generated by TagDiv Composer *\/\n\n<\/style><div class=\"td-block-title-wrap\"><h4 class=\"td-block-title\"><span>Cabez\u00f3n de la Sal<\/span><\/h4><\/div><div class=\"td_mod_wrap td-fix-index\"><p class=\"color_27\"><span class=\"h2_a color_46\">SECRETARIA GENERAL<\/span><\/p>\n<p>Mar\u00eda Jes\u00fas Garc\u00eda Hoyos<\/p>\n<hr \/>\n<p class=\"color_27\"><span class=\"h2_a color_46\">E-MAIL\u00a0<\/span><\/p>\n<p>cabez\u00f3n@psc-psoe.org<\/p>\n<hr \/>\n<p><span class=\"h2_a color_46\">DIRECCI\u00d3N C.<\/span> Matilde De la Torre n\u00famero 4 bajo. 39500 Cabez\u00f3n de la Sal<\/p>\n<hr \/>\n<p><span class=\"h2_a color_46\">TEL\u00c9FONO<\/span><\/p>\n<hr \/>\n<\/div><\/div><\/div><\/div><div class=\"vc_column tdi_28  wpb_column vc_column_container tdc-column td-pb-span4\">\n<style scoped>\n\/* custom css - generated by TagDiv Composer *\/\n\n\/* custom css - generated by TagDiv Composer *\/\n\/* custom css - generated by TagDiv Composer *\/\n.tdi_28{\r\n                    vertical-align: baseline;\r\n                }.tdi_28 > .wpb_wrapper,\r\n\t\t\t\t.tdi_28 > .wpb_wrapper > .tdc-elements{\r\n\t\t\t\t    display: block;\r\n\t\t\t\t}.tdi_28 > .wpb_wrapper > .tdc-elements{\r\n\t\t\t\t    width: 100%;\r\n\t\t\t\t}.tdi_28 > .wpb_wrapper > .vc_row_inner{\r\n\t\t\t\t    width: auto;\r\n\t\t\t\t}.tdi_28 > .wpb_wrapper{\r\n\t\t\t\t    width: auto;\r\n\t\t\t\t    height: auto;\r\n\t\t\t\t}\n<\/style><div class=\"wpb_wrapper\" ><div class=\"td_block_wrap td_block_text_with_title tdi_29 tagdiv-type td-pb-border-top td_block_template_8\"  data-td-block-uid=\"tdi_29\" >\n<style>\n\/* custom css - generated by TagDiv Composer *\/\n\n<\/style>\n<style>\n\/* custom css - generated by TagDiv Composer *\/\n\/* custom css - generated by TagDiv Composer *\/\n\n<\/style><div class=\"td-block-title-wrap\"><h4 class=\"td-block-title\"><span>Val de San Vicente<\/span><\/h4><\/div><div class=\"td_mod_wrap td-fix-index\"><p class=\"color_27\"><span class=\"h2_a color_46\">SECRETARIA GENERAL<\/span><\/p>\n<p class=\"color_27\">Olga Borbolla Tarano<\/p>\n<hr \/>\n<p class=\"color_27\"><span class=\"h2_a color_46\">E-MAIL <\/span>organizaci\u00f3n@psoevaldesanvicente.com<\/p>\n<hr \/>\n<p><span class=\"h2_a color_46\">DIRECCI\u00d3N<\/span><\/p>\n<hr \/>\n<p><span class=\"h2_a color_46\">TEL\u00c9FONO<\/span><\/p>\n<hr \/>\n<\/div><\/div><\/div><\/div><\/div><\/div><div id=\"tdi_30\" class=\"tdc-row\"><div class=\"vc_row tdi_31  wpb_row td-pb-row\" >\n<style scoped>\n\/* custom css - generated by TagDiv Composer *\/\n\n\/* custom css - generated by TagDiv Composer *\/\n\/* custom css - generated by TagDiv Composer *\/\n.tdi_31,\r\n                .tdi_31 .tdc-columns{\r\n                    min-height: 0;\r\n                }.tdi_31,\r\n\t\t\t\t.tdi_31 .tdc-columns{\r\n\t\t\t\t    display: block;\r\n\t\t\t\t}.tdi_31 .tdc-columns{\r\n\t\t\t\t    width: 100%;\r\n\t\t\t\t}\n<\/style><div class=\"vc_column tdi_33  wpb_column vc_column_container tdc-column td-pb-span4\">\n<style scoped>\n\/* custom css - generated by TagDiv Composer *\/\n\n\/* custom css - generated by TagDiv Composer *\/\n\/* custom css - generated by TagDiv Composer *\/\n.tdi_33{\r\n                    vertical-align: baseline;\r\n                }.tdi_33 > .wpb_wrapper,\r\n\t\t\t\t.tdi_33 > .wpb_wrapper > .tdc-elements{\r\n\t\t\t\t    display: block;\r\n\t\t\t\t}.tdi_33 > .wpb_wrapper > .tdc-elements{\r\n\t\t\t\t    width: 100%;\r\n\t\t\t\t}.tdi_33 > .wpb_wrapper > .vc_row_inner{\r\n\t\t\t\t    width: auto;\r\n\t\t\t\t}.tdi_33 > .wpb_wrapper{\r\n\t\t\t\t    width: auto;\r\n\t\t\t\t    height: auto;\r\n\t\t\t\t}\n<\/style><div class=\"wpb_wrapper\" ><div class=\"td_block_wrap td_block_text_with_title tdi_34 tagdiv-type td-pb-border-top td_block_template_8\"  data-td-block-uid=\"tdi_34\" >\n<style>\n\/* custom css - generated by TagDiv Composer *\/\n\n<\/style>\n<style>\n\/* custom css - generated by TagDiv Composer *\/\n\/* custom css - generated by TagDiv Composer *\/\n\n<\/style><div class=\"td-block-title-wrap\"><h4 class=\"td-block-title\"><span>Vald\u00e1liga<\/span><\/h4><\/div><div class=\"td_mod_wrap td-fix-index\"><p class=\"color_27\"><span class=\"h2_a color_46\">SECRETARIA GENERAL<\/span><\/p>\n<p class=\"color_27\">Noelia Torre P\u00e9rez<\/p>\n<hr \/>\n<p class=\"color_27\"><span class=\"h2_a color_46\">E-MAIL <\/span>valdaliga@psc-psoe.org<\/p>\n<hr \/>\n<p><span class=\"h2_a color_46\">DIRECCI\u00d3N <\/span>B\u00ba<\/p>\n<hr \/>\n<p><span class=\"h2_a color_46\">TEL\u00c9FONO<\/span><\/p>\n<hr \/>\n<\/div><\/div><div class=\"td_block_wrap td_block_text_with_title tdi_35 tagdiv-type td-pb-border-top td_block_template_8\"  data-td-block-uid=\"tdi_35\" >\n<style>\n\/* custom css - generated by TagDiv Composer *\/\n\n<\/style>\n<style>\n\/* custom css - generated by TagDiv Composer *\/\n\/* custom css - generated by TagDiv Composer *\/\n\n<\/style><div class=\"td-block-title-wrap\"><h4 class=\"td-block-title\"><span>Mazcuerras<\/span><\/h4><\/div><div class=\"td_mod_wrap td-fix-index\"><p class=\"color_27\"><span class=\"h2_a color_46\">SECRETARIA GENERAL<\/span><\/p>\n<p>Ana Isabel Via\u00f1a Gutierrez<\/p>\n<hr \/>\n<p class=\"color_27\"><span class=\"h2_a color_46\">E-MAIL\u00a0<\/span><\/p>\n<p>mazcuerras@psc-psoe.org<\/p>\n<hr \/>\n<p><span class=\"h2_a color_46\">DIRECCI\u00d3N\u00a0<\/span><\/p>\n<hr \/>\n<p><span class=\"h2_a color_46\">TEL\u00c9FONO<\/span><\/p>\n<hr \/>\n<\/div><\/div><\/div><\/div><div class=\"vc_column tdi_37  wpb_column vc_column_container tdc-column td-pb-span4\">\n<style scoped>\n\/* custom css - generated by TagDiv Composer *\/\n\n\/* custom css - generated by TagDiv Composer *\/\n\/* custom css - generated by TagDiv Composer *\/\n.tdi_37{\r\n                    vertical-align: baseline;\r\n                }.tdi_37 > .wpb_wrapper,\r\n\t\t\t\t.tdi_37 > .wpb_wrapper > .tdc-elements{\r\n\t\t\t\t    display: block;\r\n\t\t\t\t}.tdi_37 > .wpb_wrapper > .tdc-elements{\r\n\t\t\t\t    width: 100%;\r\n\t\t\t\t}.tdi_37 > .wpb_wrapper > .vc_row_inner{\r\n\t\t\t\t    width: auto;\r\n\t\t\t\t}.tdi_37 > .wpb_wrapper{\r\n\t\t\t\t    width: auto;\r\n\t\t\t\t    height: auto;\r\n\t\t\t\t}\n<\/style><div class=\"wpb_wrapper\" ><div class=\"td_block_wrap td_block_text_with_title tdi_38 tagdiv-type td-pb-border-top td_block_template_8\"  data-td-block-uid=\"tdi_38\" >\n<style>\n\/* custom css - generated by TagDiv Composer *\/\n\n<\/style>\n<style>\n\/* custom css - generated by TagDiv Composer *\/\n\/* custom css - generated by TagDiv Composer *\/\n\n<\/style><div class=\"td-block-title-wrap\"><h4 class=\"td-block-title\"><span>Ruente<\/span><\/h4><\/div><div class=\"td_mod_wrap td-fix-index\"><p class=\"color_27\"><span class=\"h2_a color_46\">SECRETARIO GENERAL<\/span><\/p>\n<p>Iv\u00e1n Gutierrez Gonz\u00e1lez<\/p>\n<hr \/>\n<p class=\"color_27\"><span class=\"h2_a color_46\">E-MAIL\u00a0<\/span><\/p>\n<hr \/>\n<p><span class=\"h2_a color_46\">DIRECCI\u00d3N\u00a0<\/span><\/p>\n<hr \/>\n<p><span class=\"h2_a color_46\">TEL\u00c9FONO<\/span><\/p>\n<hr \/>\n<\/div><\/div><\/div><\/div><div class=\"vc_column tdi_40  wpb_column vc_column_container tdc-column td-pb-span4\">\n<style scoped>\n\/* custom css - generated by TagDiv Composer *\/\n\n\/* custom css - generated by TagDiv Composer *\/\n\/* custom css - generated by TagDiv Composer *\/\n.tdi_40{\r\n                    vertical-align: baseline;\r\n                }.tdi_40 > .wpb_wrapper,\r\n\t\t\t\t.tdi_40 > .wpb_wrapper > .tdc-elements{\r\n\t\t\t\t    display: block;\r\n\t\t\t\t}.tdi_40 > .wpb_wrapper > .tdc-elements{\r\n\t\t\t\t    width: 100%;\r\n\t\t\t\t}.tdi_40 > .wpb_wrapper > .vc_row_inner{\r\n\t\t\t\t    width: auto;\r\n\t\t\t\t}.tdi_40 > .wpb_wrapper{\r\n\t\t\t\t    width: auto;\r\n\t\t\t\t    height: auto;\r\n\t\t\t\t}\n<\/style><div class=\"wpb_wrapper\" ><div class=\"td_block_wrap td_block_text_with_title tdi_41 tagdiv-type td-pb-border-top td_block_template_8\"  data-td-block-uid=\"tdi_41\" >\n<style>\n\/* custom css - generated by TagDiv Composer *\/\n\n<\/style>\n<style>\n\/* custom css - generated by TagDiv Composer *\/\n\/* custom css - generated by TagDiv Composer *\/\n\n<\/style><div class=\"td-block-title-wrap\"><h4 class=\"td-block-title\"><span>Cabu\u00e9rniga<\/span><\/h4><\/div><div class=\"td_mod_wrap td-fix-index\"><p class=\"color_27\"><span class=\"h2_a color_46\">SECRETARIO GENERAL<\/span><\/p>\n<p>Nicolas Toral Mart\u00ednez<\/p>\n<hr \/>\n<p class=\"color_27\"><span class=\"h2_a color_46\">E-MAIL\u00a0<\/span><\/p>\n<p>cabuerniga@psc-psoe.org<\/p>\n<hr \/>\n<p><span class=\"h2_a color_46\">DIRECCI\u00d3N\u00a0<\/span><\/p>\n<hr \/>\n<p><span class=\"h2_a color_46\">TEL\u00c9FONO<\/span><\/p>\n<hr \/>\n<\/div><\/div><\/div><\/div><\/div><\/div><\/div><\/div>","protected":false},"excerpt":{"rendered":"","protected":false},"author":1,"featured_media":0,"parent":0,"menu_order":0,"comment_status":"closed","ping_status":"closed","template":"","meta":{"tdm_status":"","tdm_grid_status":"","footnotes":""},"class_list":["post-497","page","type-page","status-publish","hentry"],"_links":{"self":[{"href":"https:\/\/www.psc-psoe.es\/index.php\/wp-json\/wp\/v2\/pages\/497","targetHints":{"allow":["GET"]}}],"collection":[{"href":"https:\/\/www.psc-psoe.es\/index.php\/wp-json\/wp\/v2\/pages"}],"about":[{"href":"https:\/\/www.psc-psoe.es\/index.php\/wp-json\/wp\/v2\/types\/page"}],"author":[{"embeddable":true,"href":"https:\/\/www.psc-psoe.es\/index.php\/wp-json\/wp\/v2\/users\/1"}],"replies":[{"embeddable":true,"href":"https:\/\/www.psc-psoe.es\/index.php\/wp-json\/wp\/v2\/comments?post=497"}],"version-history":[{"count":1,"href":"https:\/\/www.psc-psoe.es\/index.php\/wp-json\/wp\/v2\/pages\/497\/revisions"}],"predecessor-version":[{"id":9466,"href":"https:\/\/www.psc-psoe.es\/index.php\/wp-json\/wp\/v2\/pages\/497\/revisions\/9466"}],"wp:attachment":[{"href":"https:\/\/www.psc-psoe.es\/index.php\/wp-json\/wp\/v2\/media?parent=497"}],"curies":[{"name":"wp","href":"https:\/\/api.w.org\/{rel}","templated":true}]}}